{"id":28,"date":"2019-10-28T11:41:20","date_gmt":"2019-10-28T11:41:20","guid":{"rendered":"https:\/\/sonntagsblatt.it\/?page_id=28"},"modified":"2026-01-14T08:04:00","modified_gmt":"2026-01-14T08:04:00","slug":"sonntagsblatt","status":"publish","type":"page","link":"https:\/\/sonntagsblatt.it\/it\/","title":{"rendered":"Sonntagsblatt"},"content":{"rendered":"\r\n<div class=\"layout\">\r\n  <div class=\"theme--body\">\r\n\r\n  <div class=\"cover--layout\">\r\n    <a href=\"https:\/\/abo.athesiamedien.com\/epaper\/publications\/12-sonntagsblatt\" target=\"_blank\">\r\n      <img decoding=\"async\" class=\"cover\" src=\"\/wp-json\/fo\/v1\/image?src=https:\/\/abo.athesiamedien.com\/cover_images\/sonntagsblatt.jpg\" alt=\"\" \/>\r\n    <\/div>\r\n    <\/a>\r\n  <div class=\"themes\">\r\n      <h1 class=\"team--title--theme\">Temi della settimana<\/h1>\r\n    <div class=\"current--theme\">\r\n            <div><img decoding=\"async\" class=\"current--theme-image\" src=\"https:\/\/sonntagsblatt.it\/wp-content\/uploads\/2026\/01\/Bild-Seite-5-oben.jpgHP_.jpg\" alt=\"\" \/><\/div>\r\n      \r\n  <div style=\"flex: 1;\">\r\n    <div class=\"current--theme-title\">\r\n      <h2>Helfen uns die Heiligen im Notfall?<\/h2>\r\n    <\/div>\r\n    <div class=\"current--theme-text\">\r\n      <p id = \"text\">Der heilige Antonius, wenn Sachen verloren gehen, Christophorus im Stra\u00dfenverkehr, Blasius bei Halsschmerzen, Ottilia bei Augenleiden und Apollonia, wenn die Z\u00e4hne plagen: Heilige Frauen und M\u00e4nner haben in der frommen Tradition noch besondere Zust\u00e4ndigkeiten und Aufgaben. Helfen sie? Ein Interview dazu mit Don Paolo Renner.  \r\n\r\nFoto: Shutterstock<\/p>\r\n    <\/div> \r\n  <\/div>\r\n<\/div>\r\n<div>\r\n<div class=\"old--theme\">\r\n      <div><img decoding=\"async\" class=\"old--theme-image\" src=\"https:\/\/sonntagsblatt.it\/wp-content\/uploads\/2026\/01\/Bild-Seite-14-1.jpgHP_-1.jpg\" alt=\"\" \/> <\/div>\r\n  \r\n<div style=\"flex: 1;\">\r\n   <div class=\"old--theme-title\">\r\n     <h3>Sorgen, Hoffnung und Freude<\/h3>\r\n   <\/div>\r\n   <div class=\"old--theme-text\">\r\n     <p>Mit Sorgen, aber auch Hoffnung verfolgt Bice Loffa t\u00e4glich die Ereignisse in Venezuela. Es ist ihre Heimat, die sie vor \r\n20 Jahren verlassen musste. Der Angriff der USA und die Festnahme von Pr\u00e4sident Nicol\u00e1s Maduro haben laut Bice Loffa gro\u00dfe Spannungen im Land erzeugt. \u201eIch bin froh, dass Maduro entfernt wurde\u201c, sagt die 56-J\u00e4hrige, die in Meran lebt.\r\n\r\n \r\n\r\n\r\n <\/p>\r\n   <\/div> \r\n<\/div>\r\n<\/div>\r\n\r\n<div class=\"old--theme\">\r\n   \r\n    <div> <img decoding=\"async\" class=\"old--theme-image\" src=\"https:\/\/sonntagsblatt.it\/wp-content\/uploads\/2026\/01\/Bild-Seite-19.jpgHP_.jpg\" alt=\"\" \/> <\/div>\r\n    \r\n<div style=\"flex: 1;\">\r\n  <div class=\"old--theme-title\">\r\n      <h3>Iran: Regime steht mit R\u00fccken zur Wand<\/h3>\r\n  <\/div>\r\n  <div class=\"old--theme-text\">\r\n    <p>Tausende Iraner protestieren gegen die Herrschaft der Mullahs, die das Land in eine Sackgasse gef\u00fchrt haben. Noch nie war das Volk seiner Freiheit so nahe wie jetzt, doch die Islamisten wollen von der Macht nicht lassen \u2013 mit grausamen Konsequenzen. Eine Analyse von Ulrich Ladurner.\r\nFoto: Shutterstock\r\n <\/p>\r\n  <\/div> \r\n<\/div>\r\n<\/div>\r\n<\/div>\r\n\r\n      \r\n          <p class=\"theme-wb\">\r\n\r\n              Scopri di pi\u00f9 nella nuova edizione cartacea disponibile a partire da mercoled\u00ec nei chioschi e nelle librerie Athesia, oppure nell&#8217;\r\n          <a href=\"https:\/\/abo.athesiamedien.com\/epaper\/publications\/12-sonntagsblatt\" target=\"_blank\">edizione online.<\/a>\r\n          <\/p>\r\n      \r\n\r\n\r\n  <\/div>\r\n<\/div>\r\n\r\n\r\n\r\n\r\n\r\n\r\n\r\n\r\n\r\n\r\n\r\n\r\n\n\n\n<p><\/p>\n","protected":false},"excerpt":{"rendered":"","protected":false},"author":9,"featured_media":0,"parent":0,"menu_order":0,"comment_status":"closed","ping_status":"closed","template":"","meta":{"_acf_changed":false,"footnotes":""},"class_list":["post-28","page","type-page","status-publish","hentry"],"acf":[],"_links":{"self":[{"href":"https:\/\/sonntagsblatt.it\/it\/wp-json\/wp\/v2\/pages\/28","targetHints":{"allow":["GET"]}}],"collection":[{"href":"https:\/\/sonntagsblatt.it\/it\/wp-json\/wp\/v2\/pages"}],"about":[{"href":"https:\/\/sonntagsblatt.it\/it\/wp-json\/wp\/v2\/types\/page"}],"author":[{"embeddable":true,"href":"https:\/\/sonntagsblatt.it\/it\/wp-json\/wp\/v2\/users\/9"}],"replies":[{"embeddable":true,"href":"https:\/\/sonntagsblatt.it\/it\/wp-json\/wp\/v2\/comments?post=28"}],"version-history":[{"count":694,"href":"https:\/\/sonntagsblatt.it\/it\/wp-json\/wp\/v2\/pages\/28\/revisions"}],"predecessor-version":[{"id":6935,"href":"https:\/\/sonntagsblatt.it\/it\/wp-json\/wp\/v2\/pages\/28\/revisions\/6935"}],"wp:attachment":[{"href":"https:\/\/sonntagsblatt.it\/it\/wp-json\/wp\/v2\/media?parent=28"}],"curies":[{"name":"wp","href":"https:\/\/api.w.org\/{rel}","templated":true}]}}